{"id":2213,"date":"2026-01-28T08:44:28","date_gmt":"2026-01-28T08:44:28","guid":{"rendered":"https:\/\/bellamore1623.com\/?page_id=2213"},"modified":"2026-01-28T08:45:05","modified_gmt":"2026-01-28T08:45:05","slug":"datenschutz","status":"publish","type":"page","link":"https:\/\/bellamore1623.com\/de\/privacy\/","title":{"rendered":"Datenschutz"},"content":{"rendered":"<div data-elementor-type=\"wp-page\" data-elementor-id=\"2213\" class=\"elementor elementor-2213\" data-elementor-post-type=\"page\">\n\t\t\t\t<div class=\"e-con-top elementor-element elementor-element-72a9abd --zindexed-999 e-flex e-con-boxed e-con e-parent\" data-id=\"72a9abd\" data-element_type=\"container\" data-settings=\"{&quot;background_background&quot;:&quot;classic&quot;}\">\n\t\t\t\t\t<div class=\"e-con-inner\">\n\t\t\t\t<div class=\"elementor-element elementor-element-a51c7e5 elementor-widget elementor-widget-spacer\" data-id=\"a51c7e5\" data-element_type=\"widget\" data-widget_type=\"spacer.default\">\n\t\t\t\t\t\t\t<div class=\"elementor-spacer\">\n\t\t\t<div class=\"elementor-spacer-inner\"><\/div>\n\t\t<\/div>\n\t\t\t\t\t\t<\/div>\n\t\t\t\t<div class=\"elementor-element elementor-element-cec5560 elementor-widget__width-initial elementor-widget elementor-widget-text-editor\" data-id=\"cec5560\" data-element_type=\"widget\" data-widget_type=\"text-editor.default\">\n\t\t\t\t\t\t\t\t\t<p>\n<!-- Legal document generated by Complianz | GDPR\/CCPA Cookie Consent https:\/\/wordpress.org\/plugins\/complianz-gdpr -->\n<div id=\"cmplz-document\" class=\"cmplz-document privacy-statement cmplz-document-eu\"><p><i>Diese Datenschutzerkl\u00e4rung wurde zuletzt am 28.01.2026 aktualisiert und gilt f\u00fcr B\u00fcrger und Personen mit st\u00e4ndigem Wohnsitz im Europ\u00e4ischen Wirtschaftsraum und der Schweiz.<\/i><br \/><br \/><\/p><p><p>In dieser Datenschutzerkl\u00e4rung erkl\u00e4ren wir, wie wir mit den Daten umgehen, die wir \u00fcber <a href=\"https:\/\/bellamore1623.com\/de\">https:\/\/bellamore1623.com\/de<\/a> von Ihnen erhalten. Wir empfehlen Ihnen, diese Erkl\u00e4rung sorgf\u00e4ltig zu lesen. Bei unserer Verarbeitung beachten wir die datenschutzrechtlichen Bestimmungen. Das bedeutet unter anderem, dass:<\/p><ul>\n                <li>wir geben deutlich an, zu welchen Zwecken wir personenbezogene Daten verarbeiten. Wir tun dies mit Hilfe dieser Datenschutzerkl\u00e4rung;<\/li>\n                <li>wir sind bestrebt, unsere Erhebung personenbezogener Daten nur auf die zu legitimen Zwecken erforderlichen personenbezogenen Daten zu beschr\u00e4nken;<\/li>\n                <li>in F\u00e4llen, in denen Ihre Zustimmung erforderlich ist, bitten wir Sie zun\u00e4chst um Ihre ausdr\u00fcckliche Zustimmung zur Verarbeitung Ihrer personenbezogenen Daten;<\/li>\n                <li>wir ergreifen geeignete Sicherheitsma\u00dfnahmen, um Ihre pers\u00f6nlichen Daten zu sch\u00fctzen und fordern dies auch von den Parteien an, die pers\u00f6nliche Daten in unserem Namen verarbeiten;<\/li>\n                <li>wir respektieren Ihr Recht, auf Ihre pers\u00f6nlichen Daten zuzugreifen oder sie auf Ihre Aufforderung hin berichtigen oder l\u00f6schen zu lassen.<\/li>\n            <\/ul><p>Wenn Sie Fragen haben oder genau wissen m\u00f6chten, welche Daten wir von Ihnen aufbewahren, kontaktieren Sie uns bitte.<\/p><\/p><h2>1. Teilen mit anderen Parteien<\/h2><p>Wir geben diese Daten nur zu folgenden Zwecken an Auftragsverarbeiter weiter:<\/p><h2>2. Cookies<\/h2><p>Unsere Website verwendet Cookies. Weitere Informationen zu Cookies finden Sie in unserer <a href=\"https:\/\/bellamore1623.com\/de\/cookies\/\">Cookie-Richtlinie<\/a>.&nbsp;<\/p><h2>3. Offenlegungspraktiken<\/h2><p><p>Wir legen personenbezogene Daten offen, wenn wir gesetzlich oder per Gerichtsbeschluss dazu verpflichtet sind, z. B. auf Anforderung einer Strafverfolgungsbeh\u00f6rde, soweit dies im Rahmen der gesetzlichen Bestimmungen zul\u00e4ssig ist, um Ausk\u00fcnfte zu erteilen, oder f\u00fcr eine Untersuchung in einer Angelegenheit, die die \u00f6ffentliche Sicherheit betrifft.<\/p><p>Wenn unsere Website oder unser Unternehmen im Rahmen einer Fusion oder \u00dcbernahme \u00fcbernommen oder verkauft wird, k\u00f6nnen Ihre Daten unseren Beratern und potenziellen K\u00e4ufern offengelegt und an die neuen Eigent\u00fcmer \u00fcbermittelt werden.<\/p><\/p><p>Wir haben eine Datenverarbeitungsvereinbarung mit Google geschlossen.<\/p><h2>4. Sicherheit<\/h2><p>Wir verpflichten uns zur Sicherheit personenbezogener Daten. Wir ergreifen geeignete Sicherheitsma\u00dfnahmen, um den Missbrauch und den unbefugten Zugriff auf personenbezogene Daten zu begrenzen. Dies stellt sicher, dass nur die erforderlichen Personen Zugriff auf Ihre Daten haben, dass der Zugriff auf die Daten gesch\u00fctzt ist und dass unsere Sicherheitsma\u00dfnahmen regelm\u00e4\u00dfig \u00fcberpr\u00fcft werden.<\/p><h2>5. Websites von Drittanbietern<\/h2><p>Diese Datenschutzerkl\u00e4rung gilt nicht f\u00fcr Websites Dritter, die durch Links auf unserer Website verbunden sind. Wir k\u00f6nnen nicht garantieren, dass diese Dritten Ihre personenbezogenen Daten auf zuverl\u00e4ssige oder sichere Weise behandeln. Wir empfehlen Ihnen, die Datenschutzerkl\u00e4rungen dieser Websites zu lesen, bevor Sie diese Websites nutzen.<\/p><h2>6. \u00c4nderungen dieser Datenschutzerkl\u00e4rung<\/h2><p>Wir behalten uns das Recht vor, \u00c4nderungen an dieser Datenschutzerkl\u00e4rung vorzunehmen. Es wird empfohlen, diese Datenschutzerkl\u00e4rung regelm\u00e4\u00dfig zu lesen, um \u00fcber \u00c4nderungen informiert zu sein. Dar\u00fcber hinaus werden wir Sie nach M\u00f6glichkeit aktiv informieren.<\/p><h2>7. Zugriff auf und \u00c4nderung Ihrer Daten<\/h2><p>Wenn Sie Fragen haben oder wissen m\u00f6chten, welche personenbezogenen Daten wir \u00fcber Sie haben, wenden Sie sich bitte an uns. Sie k\u00f6nnen uns unter Verwendung der folgenden Informationen kontaktieren. Sie haben folgende Rechte:<\/p><ul>\n                <li>Sie haben das Recht zu erfahren, warum Ihre personenbezogenen Daten ben\u00f6tigt werden, was damit passiert und wie lange sie aufbewahrt werden.<\/li>\n                <li>Auskunftsrecht: Sie haben das Recht, auf Ihre uns bekannten personenbezogenen Daten zuzugreifen.<\/li>\n                <li>Recht auf Berichtigung: Sie haben jederzeit das Recht, Ihre personenbezogenen Daten zu erg\u00e4nzen, zu berichtigen, zu l\u00f6schen oder zu sperren.<\/li>\n                <li>Wenn Sie uns Ihre Einwilligung zur Verarbeitung Ihrer Daten erteilen, haben Sie das Recht, diese Einwilligung zu widerrufen und Ihre personenbezogenen Daten l\u00f6schen zu lassen.<\/li>\n                <li>Recht zur \u00dcbermittlung Ihrer Daten: Sie haben das Recht, alle Ihre personenbezogenen Daten vom f\u00fcr die Verarbeitung Verantwortlichen anzufordern und vollst\u00e4ndig an einen anderen f\u00fcr die Verarbeitung Verantwortlichen zu \u00fcbermitteln.<\/li>\n                <li>Widerspruchsrecht: Sie k\u00f6nnen der Verarbeitung Ihrer Daten widersprechen. Wir halten uns daran, es sei denn, es liegen berechtigte Gr\u00fcnde f\u00fcr die Bearbeitung vor.<\/li>\n            <\/ul><p>Bitte geben Sie immer deutlich an, wer Sie sind, damit wir sicher sein k\u00f6nnen, dass wir keine Daten der falschen Person \u00e4ndern oder l\u00f6schen.<\/p><h2>8. Einreichung einer Beschwerde<\/h2><p>Wenn Sie mit der Art und Weise, wie wir mit der Verarbeitung Ihrer personenbezogenen Daten umgehen, nicht zufrieden sind, haben Sie das Recht, eine Beschwerde bei der Datenschutzbeh\u00f6rde einzureichen.<\/p><h2>9. Kontaktdetails<\/h2><p>VILLA HOSPITALITY S.R.L.<br \/>\n        VIA FRANCESCO FELICIANO SCOLARI 12<br \/>\n37017 Lazise (VR)<br \/>\n        Vereinigte Staaten von Amerika<br \/>\n        Website: <a href=\"https:\/\/bellamore1623.com\/de\">https:\/\/bellamore1623.com\/de<\/a> <br \/>\n        E-Mail: <span class=\"cmplz-obfuscate\">info@<span class=\"cmplz-fmail-domain\">ex.com<\/span>&#098;ell&#097;&#109;o&#114;e&#049;6&#050;3.&#099;om<\/span> <br \/>\n        Rufnummer: +39 329 5725 671<\/p><\/div><\/p>\t\t\t\t\t\t\t\t<\/div>\n\t\t\t\t\t<\/div>\n\t\t\t\t<\/div>\n\t\t\t\t<\/div>","protected":false},"excerpt":{"rendered":"","protected":false},"author":3,"featured_media":0,"parent":0,"menu_order":0,"comment_status":"closed","ping_status":"closed","template":"elementor_header_footer","meta":{"_acf_changed":false,"footnotes":""},"class_list":["post-2213","page","type-page","status-publish","hentry"],"aioseo_notices":[],"acf":[],"_links":{"self":[{"href":"https:\/\/bellamore1623.com\/de\/wp-json\/wp\/v2\/pages\/2213","targetHints":{"allow":["GET"]}}],"collection":[{"href":"https:\/\/bellamore1623.com\/de\/wp-json\/wp\/v2\/pages"}],"about":[{"href":"https:\/\/bellamore1623.com\/de\/wp-json\/wp\/v2\/types\/page"}],"author":[{"embeddable":true,"href":"https:\/\/bellamore1623.com\/de\/wp-json\/wp\/v2\/users\/3"}],"replies":[{"embeddable":true,"href":"https:\/\/bellamore1623.com\/de\/wp-json\/wp\/v2\/comments?post=2213"}],"version-history":[{"count":5,"href":"https:\/\/bellamore1623.com\/de\/wp-json\/wp\/v2\/pages\/2213\/revisions"}],"predecessor-version":[{"id":2219,"href":"https:\/\/bellamore1623.com\/de\/wp-json\/wp\/v2\/pages\/2213\/revisions\/2219"}],"wp:attachment":[{"href":"https:\/\/bellamore1623.com\/de\/wp-json\/wp\/v2\/media?parent=2213"}],"curies":[{"name":"wp","href":"https:\/\/api.w.org\/{rel}","templated":true}]}}