{"id":2215,"date":"2026-01-28T08:44:22","date_gmt":"2026-01-28T08:44:22","guid":{"rendered":"https:\/\/bellamore1623.com\/?page_id=2215"},"modified":"2026-01-28T08:45:26","modified_gmt":"2026-01-28T08:45:26","slug":"cookies","status":"publish","type":"page","link":"https:\/\/bellamore1623.com\/de\/cookies\/","title":{"rendered":"Cookies"},"content":{"rendered":"<div data-elementor-type=\"wp-page\" data-elementor-id=\"2215\" class=\"elementor elementor-2215\" data-elementor-post-type=\"page\">\n\t\t\t\t<div class=\"e-con-top elementor-element elementor-element-72a9abd --zindexed-999 e-flex e-con-boxed e-con e-parent\" data-id=\"72a9abd\" data-element_type=\"container\" data-settings=\"{&quot;background_background&quot;:&quot;classic&quot;}\">\n\t\t\t\t\t<div class=\"e-con-inner\">\n\t\t\t\t<div class=\"elementor-element elementor-element-a51c7e5 elementor-widget elementor-widget-spacer\" data-id=\"a51c7e5\" data-element_type=\"widget\" data-widget_type=\"spacer.default\">\n\t\t\t\t\t\t\t<div class=\"elementor-spacer\">\n\t\t\t<div class=\"elementor-spacer-inner\"><\/div>\n\t\t<\/div>\n\t\t\t\t\t\t<\/div>\n\t\t\t\t<div class=\"elementor-element elementor-element-cec5560 elementor-widget__width-initial elementor-widget elementor-widget-text-editor\" data-id=\"cec5560\" data-element_type=\"widget\" data-widget_type=\"text-editor.default\">\n\t\t\t\t\t\t\t\t\t<p>\n<!-- Legal document generated by Complianz | GDPR\/CCPA Cookie Consent https:\/\/wordpress.org\/plugins\/complianz-gdpr -->\n<div id=\"cmplz-document\" class=\"cmplz-document cookie-statement cmplz-document-eu\"><p><i>Diese Cookie-Richtlinie wurde zuletzt am 28.01.2026 aktualisiert und gilt f\u00fcr B\u00fcrger und Personen mit st\u00e4ndigem Wohnsitz im Europ\u00e4ischen Wirtschaftsraum und der Schweiz.<\/i><br><\/p><h2>1. Einf\u00fchrung<\/h2><p>Unsere Website <a href=\"https:\/\/bellamore1623.com\/de\">https:\/\/bellamore1623.com\/de<\/a> (nachfolgend als \u201eWebsite\u201c bezeichnet) verwendet Cookies und \u00e4hnliche Technologien (der Einfachheit halber werden alle diese unter dem Begriff \u201eCookies\u201c zusammengefasst). Cookies werden au\u00dferdem von uns beauftragten Drittparteien platziert. In dem unten stehenden Dokument informieren wir Sie \u00fcber die Verwendung von Cookies auf unserer Website.<\/p><h2>2. Was sind Cookies?<\/h2><p>Ein Cookie ist eine kleine einfache Datei, die zusammen mit Seiten dieser Website gesendet und von Ihrem Browser auf der Festplatte Ihres Computers oder eines anderen Ger\u00e4ts gespeichert wird. Die darin gespeicherten Informationen k\u00f6nnen bei einem sp\u00e4teren Besuch an unseren Server oder an die Server der betreffenden Dritten zur\u00fcckgegeben werden.<\/p><h2>3. Was sind Skripte?<\/h2><p>Ein Skript ist ein Programmcode, mit dem unsere Website ordnungsgem\u00e4\u00df und interaktiv funktioniert. Dieser Code wird auf unserem Server oder auf Ihrem Ger\u00e4t ausgef\u00fchrt.<\/p><h2>4. Was ist ein Web-Beacon?<\/h2><p>Ein Web-Beacon (oder ein Pixel-Tag) ist ein kleines, unsichtbares Text- oder Bildst\u00fcck auf einer Website, das zum \u00dcberwachen des Datenverkehrs auf einer Website verwendet wird. Um dies zu tun, werden verschiedene Daten \u00fcber Sie mit Web-Beacons gespeichert.<\/p><h2>5. Cookies<\/h2><p class=\"cmplz-subtitle\">5.1 Technische oder funktionale Cookies<\/p><p>Einige Cookies stellen sicher, dass bestimmte Teile der Website ordnungsgem\u00e4\u00df funktionieren und Ihre Benutzereinstellungen weiterhin in Erinnerung bleiben. Durch das Setzen funktionaler Cookies erleichtern wir Ihnen den Besuch unserer Website. Auf diese Weise m\u00fcssen Sie beim Besuch unserer Website nicht wiederholt dieselben Informationen eingeben, so bleiben Artikel beispielsweise in Ihrem Warenkorb, bis Sie bezahlt haben. Wir k\u00f6nnen diese Cookies ohne Ihre Zustimmung platzieren.<\/p><p class=\"cmplz-subtitle\">5.2 Statistik-Cookies<\/p><p>Wir verwenden Statistik-Cookies, um die Website-Erfahrung f\u00fcr unsere Benutzer zu optimieren. Mit diesen Statistik-Cookies erhalten wir Einblicke in die Nutzung unserer Website. Wir bitten Sie um Ihre Erlaubnis, Cookies f\u00fcr statistische Zwecke zu setzen.<\/p><p class=\"cmplz-subtitle\">5.3 Marketing- \/ Tracking-Cookies<\/p><p>Marketing- \/ Tracking-Cookies sind Cookies oder eine andere Form der lokalen Speicherung, die zur Erstellung von Benutzerprofilen verwendet werden, um Werbung anzuzeigen oder den Benutzer auf dieser Website oder \u00fcber mehrere Websites hinweg f\u00fcr \u00e4hnliche Marketingzwecke zu verfolgen.<\/p><p class=\"cmplz-subtitle\">5.4 Soziale Medien<\/p><p>Auf unserer Website haben wir Inhalte von Instagram, Facebook, Twitter, WhatsApp, LinkedIn, TikTok und Pinterest eingebunden, um Webseiten zu bewerben (z. B. \u201eGef\u00e4llt mir\u201e, \u201eAnheften\u201c) oder zu teilen (z. B. \u201eTweeten\u201c) in sozialen Netzwerken wie Instagram, Facebook, Twitter, WhatsApp, LinkedIn, TikTok und Pinterest. Dieser Inhalt ist mit Code eingebettet, der von Instagram, Facebook, Twitter, WhatsApp, LinkedIn, TikTok und Pinterest stammt und Cookies platziert. Diese Inhalte k\u00f6nnen bestimmte Informationen f\u00fcr personalisierte Werbung speichern und verarbeiten.<\/p><p>Bitte lesen Sie die Datenschutzerkl\u00e4rung dieser sozialen Netzwerke (die sich regelm\u00e4\u00dfig \u00e4ndern k\u00f6nnen), um zu lesen, was sie mit Ihren (pers\u00f6nlichen) Daten tun, die sie mit diesen Cookies verarbeiten. Die abgerufenen Daten werden so weit wie m\u00f6glich anonymisiert. Instagram, Facebook, Twitter, WhatsApp, LinkedIn, TikTok und Pinterest befinden sich in den Vereinigten Staaten.<\/p><h2>6. Platzierte Cookies<\/h2><div id=\"cmplz-cookies-overview\"><\/div><h2>7. Zustimmung<\/h2><p>Wenn Sie unsere Website zum ersten Mal besuchen, zeigen wir Ihnen ein Popup mit einer Erkl\u00e4rung zu Cookies an. Sobald Sie auf \u201eEinstellungen speichern\u201c klicken, stimmen Sie zu, dass wir die Kategorien von Cookies und Plug-Ins verwenden, die Sie im Pop-up ausgew\u00e4hlt haben, wie in dieser Cookie-Erkl\u00e4rung beschrieben. Sie k\u00f6nnen die Verwendung von Cookies \u00fcber Ihren Browser deaktivieren, aber bitte beachten Sie, dass dann unsere Website m\u00f6glicherweise nicht mehr richtig funktioniert.<\/p><p class=\"cmplz-subtitle\">7.1 Verwalten Sie Ihre Zustimmungseinstellungen<\/p><div id=\"cmplz-manage-consent-container-nojavascript\">Sie haben die Cookie-Richtlinie ohne Javascript-Unterst\u00fctzung geladen.&nbsp;Bei AMP k\u00f6nnen Sie die Schaltfl\u00e4che Zustimmung verwalten unten auf der Seite verwenden.<\/div><div id=\"cmplz-manage-consent-container\" class=\"cmplz-manage-consent-container\"><\/div><h2>8. Aktivieren \/ Deaktivieren und L\u00f6schen von Cookies<\/h2><p>Sie k\u00f6nnen Ihren Internetbrowser verwenden, um Cookies automatisch oder manuell zu l\u00f6schen. Sie k\u00f6nnen auch festlegen, dass bestimmte Cookies m\u00f6glicherweise nicht platziert werden. Eine weitere M\u00f6glichkeit besteht darin, die Einstellungen Ihres Internetbrowsers so zu \u00e4ndern, dass Sie bei jedem Absetzen eines Cookies eine Nachricht erhalten. Weitere Informationen zu diesen Optionen finden Sie in den Anweisungen im Hilfebereich Ihres Browsers.<\/p><p>Bitte beachten Sie, dass unsere Website m\u00f6glicherweise nicht richtig funktioniert, wenn alle Cookies deaktiviert sind. Wenn Sie die Cookies in Ihrem Browser l\u00f6schen, werden sie nach Ihrer Zustimmung erneut gesetzt, wenn Sie unsere Website erneut besuchen.<\/p><h2>9. Ihre Rechte in Bezug auf personenbezogene Daten<\/h2><p>Sie haben folgende Rechte in Bezug auf Ihre personenbezogenen Daten:<\/p><ul>\n                    <li>Sie haben das Recht zu erfahren, warum Ihre personenbezogenen Daten ben\u00f6tigt werden, was damit passiert und wie lange sie aufbewahrt werden.<\/li>\n                    <li>Auskunftsrecht: Sie haben das Recht, auf Ihre uns bekannten personenbezogenen Daten zuzugreifen.<\/li>\n                    <li>Recht auf Berichtigung: Sie haben das Recht, Ihre personenbezogenen Daten jederzeit zu erg\u00e4nzen, zu korrigieren, zu l\u00f6schen oder zu sperren.<\/li>\n                    <li>Wenn Sie uns Ihre Einwilligung zur Verarbeitung Ihrer Daten erteilen, haben Sie das Recht, diese Einwilligung zu widerrufen und Ihre personenbezogenen Daten l\u00f6schen zu lassen.<\/li>\n                    <li>Recht auf \u00dcbermittlung Ihrer Daten: Sie haben das Recht, alle Ihre personenbezogenen Daten vom f\u00fcr die Verarbeitung Verantwortlichen anzufordern und vollst\u00e4ndig an einen anderen f\u00fcr die Verarbeitung Verantwortlichen zu \u00fcbermitteln.<\/li>\n                    <li>Widerspruchsrecht: Sie k\u00f6nnen der Verarbeitung Ihrer Daten widersprechen. Wir halten uns daran, es sei denn, es liegen berechtigte Gr\u00fcnde f\u00fcr die Bearbeitung vor.<\/li>\n                <\/ul><p>Um diese Rechte auszu\u00fcben, kontaktieren Sie uns bitte. Bitte beachten Sie die Kontaktdaten am Ende dieser Cookie-Erkl\u00e4rung. Wenn Sie eine Beschwerde dar\u00fcber haben, wie wir mit Ihren Daten umgehen, w\u00fcrden wir gerne von Ihnen h\u00f6ren, aber Sie haben auch das Recht, eine Beschwerde bei der zust\u00e4ndigen Aufsichtsbeh\u00f6rde (der Datenschutzbeh\u00f6rde) einzureichen.<\/p><h2>10. Kontaktdetails<\/h2><p>F\u00fcr Fragen und \/ oder Kommentare zu unserer Cookie-Richtlinie und dieser Erkl\u00e4rung kontaktieren Sie uns bitte \u00fcber die folgenden Kontaktdaten:<\/p><p><span class=\"cmplz-contact-organisation\">VILLA HOSPITALITY S.R.L.<\/span><br>\n                      <span class=\"cmplz-contact-address\">VIA FRANCESCO FELICIANO SCOLARI 12<br \/>\n37017 Lazise (VR)<\/span><br>\n                      <span class=\"cmplz-contact-country\">Vereinigte Staaten von Amerika<\/span><br>\n                    Website: <span class=\"cmplz-contact-domain\"><a href=\"https:\/\/bellamore1623.com\/de\">https:\/\/bellamore1623.com\/de<\/a><\/span><br>\n                    E-Mail: <span class=\"cmplz-contact-email\"><span class=\"cmplz-obfuscate\">i&#110;&#102;o@<span class=\"cmplz-fmail-domain\">e&#120;&#046;&#099;om<\/span>be&#108;&#108;a&#109;ore16&#050;&#051;.c&#111;m<\/span><\/span><br>\n                    <span class=\"cmplz-contact-telephone\">Rufnummer: +39 329 5725 671<\/span><\/p><p>Diese Cookie-Richtlinie wurde mit <a href=\"https:\/\/cookiedatabase.org\/\" target=\"_blank\">cookiedatabase.org<\/a> am 01.04.2026 synchronisiert.<\/p><\/div><\/p>\t\t\t\t\t\t\t\t<\/div>\n\t\t\t\t\t<\/div>\n\t\t\t\t<\/div>\n\t\t\t\t<\/div>","protected":false},"excerpt":{"rendered":"","protected":false},"author":3,"featured_media":0,"parent":0,"menu_order":0,"comment_status":"closed","ping_status":"closed","template":"elementor_header_footer","meta":{"_acf_changed":false,"footnotes":""},"class_list":["post-2215","page","type-page","status-publish","hentry"],"aioseo_notices":[],"acf":[],"_links":{"self":[{"href":"https:\/\/bellamore1623.com\/de\/wp-json\/wp\/v2\/pages\/2215","targetHints":{"allow":["GET"]}}],"collection":[{"href":"https:\/\/bellamore1623.com\/de\/wp-json\/wp\/v2\/pages"}],"about":[{"href":"https:\/\/bellamore1623.com\/de\/wp-json\/wp\/v2\/types\/page"}],"author":[{"embeddable":true,"href":"https:\/\/bellamore1623.com\/de\/wp-json\/wp\/v2\/users\/3"}],"replies":[{"embeddable":true,"href":"https:\/\/bellamore1623.com\/de\/wp-json\/wp\/v2\/comments?post=2215"}],"version-history":[{"count":3,"href":"https:\/\/bellamore1623.com\/de\/wp-json\/wp\/v2\/pages\/2215\/revisions"}],"predecessor-version":[{"id":2222,"href":"https:\/\/bellamore1623.com\/de\/wp-json\/wp\/v2\/pages\/2215\/revisions\/2222"}],"wp:attachment":[{"href":"https:\/\/bellamore1623.com\/de\/wp-json\/wp\/v2\/media?parent=2215"}],"curies":[{"name":"wp","href":"https:\/\/api.w.org\/{rel}","templated":true}]}}